{"id":163,"date":"2021-10-25T08:19:50","date_gmt":"2021-10-25T06:19:50","guid":{"rendered":"https:\/\/diemedienfabrik.com\/wordpress\/fomoco\/?page_id=163"},"modified":"2022-06-14T09:36:21","modified_gmt":"2022-06-14T07:36:21","slug":"fomoco-nationals-first-edition","status":"publish","type":"page","link":"https:\/\/diemedienfabrik.com\/wordpress\/fomoco\/","title":{"rendered":"FoMoCo Nationals &#8211; First edition!"},"content":{"rendered":"\n<div class=\"is-layout-flex wp-container-3 wp-block-columns\">\n<div class=\"is-layout-flow wp-block-column\" style=\"flex-basis:50%\">\n<p><strong><em>Herzlich willkommen, lieber US-Ford Enthusiast! <\/em><\/strong><br>Inspiriert von den gro\u00dfen markenbasierten Autotreffen in den USA haben wir uns entschlossen, auch eine &#8222;Heimat&#8220; f\u00fcr alle US-Fahrzeuge der Ford Motor Company zu schaffen. Mit dem <a href=\"http:\/\/www.fomoco.eu\" data-type=\"URL\" data-id=\"www.fomoco.eu\">FoMoCo-Forum<\/a> haben wir diese bereits virtuell schaffen k\u00f6nnen, m\u00f6chten aber unbedingt auch die Enthusiasten und Fans von klassischen amerikanischen Ford, Mercury, Lincoln und Edsel pers\u00f6nlich zusammenbringen. <\/p>\n\n\n\n<p><strong><em>Die M\u00f6glichkeit, viele Gleichgesinnte mit ihren klassischen Fahrzeugen zu treffen, bietet sich am Samstag, dem 18.6.2022 an der Hollager M\u00fchle in 49134 Wallenhorst.<\/em><\/strong><\/p>\n<\/div>\n\n\n\n<div class=\"is-layout-flow wp-block-column\" style=\"flex-basis:50%\">\n<p>Das Gel\u00e4nde ist sch\u00f6n an der alten M\u00fchle gelegen, mit einem kleinen Teich, Stellpl\u00e4tzen unter B\u00e4umen, \u00dcbernachtungsm\u00f6glichkeiten in Camping-H\u00fctten und in der zugeh\u00f6rigen Jugendherberge. Aus unserer Sicht sind das ideale Voraussetzungen, um die Szene zusammenzubringen und gemeinsam einen tollen Tag zu verbringen. Mit einem Spielplatz vor Ort ist unsere Veranstaltung im \u00dcbrigen auch familientauglich!<\/p>\n\n\n\n<p>F\u00fcr Kaltgetr\u00e4nke, Kaffee und Essen ist nat\u00fcrlich gesorgt. <\/p>\n\n\n\n<p>Bei den tollen Wetteraussichten wird es \u00fcbrigens auch Eis geben.<\/p>\n\n\n\n<p>F\u00fcr Live-Musik ist ebenfalls gesorgt!<\/p>\n\n\n\n<p>Aus Platzgr\u00fcnden und weil wir ein Forum f\u00fcr klassische US-Ford sind, wird es eine Baujahresbegrenzung geben. Alle US Fahrzeuge der Ford Motor Company bis Baujahr 1995 sind auf dem Veranstaltungegel\u00e4nde willkommen. Alle anderen Besucher m\u00fcssen mit dem Parkplatz au\u00dferhalb des Gel\u00e4ndes Vorlieb nehmen.<\/p>\n\n\n\n<p>Der Eintritt betr\u00e4gt aufgrund der Geb\u00fchrenordnung der Gemeinde Wallenhorst f\u00fcr alle Erwachsenen, die ohne Fahrzeug auf das Gel\u00e4nde kommen, 3 Euro. Kinder bis 12 Jahre haben freien Eintritt.<\/p>\n\n\n\n<p>Wir freuen uns auf Euren Besuch!<\/p>\n<\/div>\n<\/div>\n\n\n\n<p><\/p>\n\n\n\n<p><\/p>\n\n\n\n<div class=\"wp-block-image\"><figure class=\"aligncenter size-large\"><img decoding=\"async\" loading=\"lazy\" width=\"725\" height=\"1024\" src=\"https:\/\/diemedienfabrik.com\/wordpress\/fomoco\/wp-content\/uploads\/sites\/3\/2022\/01\/FoMoCo_Poster_2022-725x1024.jpg\" alt=\"\" class=\"wp-image-223\" srcset=\"https:\/\/diemedienfabrik.com\/wordpress\/fomoco\/wp-content\/uploads\/sites\/3\/2022\/01\/FoMoCo_Poster_2022-725x1024.jpg 725w, https:\/\/diemedienfabrik.com\/wordpress\/fomoco\/wp-content\/uploads\/sites\/3\/2022\/01\/FoMoCo_Poster_2022-213x300.jpg 213w, https:\/\/diemedienfabrik.com\/wordpress\/fomoco\/wp-content\/uploads\/sites\/3\/2022\/01\/FoMoCo_Poster_2022-768x1084.jpg 768w, https:\/\/diemedienfabrik.com\/wordpress\/fomoco\/wp-content\/uploads\/sites\/3\/2022\/01\/FoMoCo_Poster_2022-1088x1536.jpg 1088w, https:\/\/diemedienfabrik.com\/wordpress\/fomoco\/wp-content\/uploads\/sites\/3\/2022\/01\/FoMoCo_Poster_2022-600x847.jpg 600w, https:\/\/diemedienfabrik.com\/wordpress\/fomoco\/wp-content\/uploads\/sites\/3\/2022\/01\/FoMoCo_Poster_2022.jpg 1200w\" sizes=\"(max-width: 725px) 100vw, 725px\" \/><\/figure><\/div>\n","protected":false},"excerpt":{"rendered":"<p>Herzlich willkommen, lieber US-Ford Enthusiast! Inspiriert von den gro\u00dfen markenbasierten Autotreffen in den USA haben wir uns entschlossen, auch eine &#8222;Heimat&#8220; f\u00fcr alle US-Fahrzeuge der Ford Motor Company zu schaffen. Mit dem FoMoCo-Forum haben wir diese bereits virtuell schaffen k\u00f6nnen, m\u00f6chten aber unbedingt auch die Enthusiasten und Fans von klassischen amerikanischen Ford, Mercury, Lincoln und [&hellip;]<\/p>\n","protected":false},"author":1,"featured_media":0,"parent":0,"menu_order":0,"comment_status":"closed","ping_status":"closed","template":"","meta":[],"_links":{"self":[{"href":"https:\/\/diemedienfabrik.com\/wordpress\/fomoco\/wp-json\/wp\/v2\/pages\/163"}],"collection":[{"href":"https:\/\/diemedienfabrik.com\/wordpress\/fomoco\/wp-json\/wp\/v2\/pages"}],"about":[{"href":"https:\/\/diemedienfabrik.com\/wordpress\/fomoco\/wp-json\/wp\/v2\/types\/page"}],"author":[{"embeddable":true,"href":"https:\/\/diemedienfabrik.com\/wordpress\/fomoco\/wp-json\/wp\/v2\/users\/1"}],"replies":[{"embeddable":true,"href":"https:\/\/diemedienfabrik.com\/wordpress\/fomoco\/wp-json\/wp\/v2\/comments?post=163"}],"version-history":[{"count":5,"href":"https:\/\/diemedienfabrik.com\/wordpress\/fomoco\/wp-json\/wp\/v2\/pages\/163\/revisions"}],"predecessor-version":[{"id":804,"href":"https:\/\/diemedienfabrik.com\/wordpress\/fomoco\/wp-json\/wp\/v2\/pages\/163\/revisions\/804"}],"wp:attachment":[{"href":"https:\/\/diemedienfabrik.com\/wordpress\/fomoco\/wp-json\/wp\/v2\/media?parent=163"}],"curies":[{"name":"wp","href":"https:\/\/api.w.org\/{rel}","templated":true}]}}